{"id":137,"date":"2021-06-12T02:14:58","date_gmt":"2021-06-12T02:14:58","guid":{"rendered":"http:\/\/garlosaludybelleza.com.mx\/?page_id=137"},"modified":"2021-06-12T02:14:58","modified_gmt":"2021-06-12T02:14:58","slug":"tratamientos-corporales","status":"publish","type":"page","link":"https:\/\/garlosaludybelleza.com.mx\/?page_id=137","title":{"rendered":"Tratamientos Corporales"},"content":{"rendered":"\n<p><strong>Corporal:<\/strong><\/p>\n\n\n\n<p><strong>Maderoterapia:<\/strong><\/p>\n\n\n\n<p>Perfecta para disminuir la celulitis, moldear y activar la circulaci\u00f3n. Adem\u00e1s de mejorar el aspecto de la piel. El tratamiento se puede enfocar en distintos objetivos como: levantamiento de gl\u00fateo, cerrado de cintura, disminuci\u00f3n de medidas y disminuci\u00f3n de celulitis.<\/p>\n\n\n\n<p><strong>Radiofrecuencia:<\/strong><\/p>\n\n\n\n<p>Ideal para disminuir la flacidez, reducir medidas en zonas espec\u00edficas, combatir la celulitis y moldear la figura. Favorece el drenaje linf\u00e1tico, elimina m\u00e1s r\u00e1pido l\u00edquidos y toxinas que provocan la aparici\u00f3n de celulitis.<\/p>\n\n\n\n<p><strong>Masaje reductivo y modelador:<\/strong><\/p>\n\n\n\n<p>Masaje manual para disminuir medidas y eliminar la celulitis. Adem\u00e1s de moldear al mismo tiempo. Perfecto para el levantamiento de gl\u00fateo.<\/p>\n\n\n\n<p><strong>Postquir\u00fargico:<\/strong><\/p>\n\n\n\n<p>Tratamiento especial para personas en recuperaci\u00f3n de una cirug\u00eda. Perfecto para movilizar y drenar el l\u00edquido, de esta manera se puede prevenir la aparici\u00f3n de fibrosis. Adem\u00e1s, mejora la circulaci\u00f3n y el aspecto de la piel. Ideal para una recuperaci\u00f3n m\u00e1s r\u00e1pida y con mejores resultados.<\/p>\n","protected":false},"excerpt":{"rendered":"<p>Corporal: Maderoterapia: Perfecta para disminuir la celulitis, moldear y activar la circulaci\u00f3n. Adem\u00e1s de mejorar el aspecto de la piel. El tratamiento se puede enfocar en distintos objetivos como: levantamiento de gl\u00fateo, cerrado de cintura, disminuci\u00f3n de medidas y disminuci\u00f3n de celulitis. Radiofrecuencia: Ideal para disminuir la flacidez, reducir medidas en zonas espec\u00edficas, combatir la &hellip; <a href=\"https:\/\/garlosaludybelleza.com.mx\/?page_id=137\" class=\"read-more\">Read More<\/a><\/p>\n","protected":false},"author":1,"featured_media":46,"parent":0,"menu_order":0,"comment_status":"closed","ping_status":"closed","template":"","meta":[],"_links":{"self":[{"href":"https:\/\/garlosaludybelleza.com.mx\/index.php?rest_route=\/wp\/v2\/pages\/137"}],"collection":[{"href":"https:\/\/garlosaludybelleza.com.mx\/index.php?rest_route=\/wp\/v2\/pages"}],"about":[{"href":"https:\/\/garlosaludybelleza.com.mx\/index.php?rest_route=\/wp\/v2\/types\/page"}],"author":[{"embeddable":true,"href":"https:\/\/garlosaludybelleza.com.mx\/index.php?rest_route=\/wp\/v2\/users\/1"}],"replies":[{"embeddable":true,"href":"https:\/\/garlosaludybelleza.com.mx\/index.php?rest_route=%2Fwp%2Fv2%2Fcomments&post=137"}],"version-history":[{"count":1,"href":"https:\/\/garlosaludybelleza.com.mx\/index.php?rest_route=\/wp\/v2\/pages\/137\/revisions"}],"predecessor-version":[{"id":138,"href":"https:\/\/garlosaludybelleza.com.mx\/index.php?rest_route=\/wp\/v2\/pages\/137\/revisions\/138"}],"wp:featuredmedia":[{"embeddable":true,"href":"https:\/\/garlosaludybelleza.com.mx\/index.php?rest_route=\/wp\/v2\/media\/46"}],"wp:attachment":[{"href":"https:\/\/garlosaludybelleza.com.mx\/index.php?rest_route=%2Fwp%2Fv2%2Fmedia&parent=137"}],"curies":[{"name":"wp","href":"https:\/\/api.w.org\/{rel}","templated":true}]}}