{"id":139,"date":"2021-06-12T02:15:40","date_gmt":"2021-06-12T02:15:40","guid":{"rendered":"http:\/\/garlosaludybelleza.com.mx\/?page_id=139"},"modified":"2021-06-12T02:15:40","modified_gmt":"2021-06-12T02:15:40","slug":"masajes","status":"publish","type":"page","link":"https:\/\/garlosaludybelleza.com.mx\/?page_id=139","title":{"rendered":"Masajes"},"content":{"rendered":"\n<p><strong>Masaje relajante:<\/strong><\/p>\n\n\n\n<p>Despu\u00e9s de la tensi\u00f3n de la rutina, un masaje relajante te reinicia. Ya que disminuye los niveles de estr\u00e9s, reduce el dolor de espalda y la tensi\u00f3n muscular.<\/p>\n\n\n\n<p><strong>Masaje descontracturante:<\/strong><\/p>\n\n\n\n<p>Recomendado para personas que sufren contracturas. Es un masaje donde se aplica un poco m\u00e1s de presi\u00f3n, para as\u00ed, disminuir la fatiga muscular y permitir el descanso adecuado. <strong><\/strong><\/p>\n","protected":false},"excerpt":{"rendered":"<p>Masaje relajante: Despu\u00e9s de la tensi\u00f3n de la rutina, un masaje relajante te reinicia. Ya que disminuye los niveles de estr\u00e9s, reduce el dolor de espalda y la tensi\u00f3n muscular. Masaje descontracturante: Recomendado para personas que sufren contracturas. Es un masaje donde se aplica un poco m\u00e1s de presi\u00f3n, para as\u00ed, disminuir la fatiga muscular &hellip; <a href=\"https:\/\/garlosaludybelleza.com.mx\/?page_id=139\" class=\"read-more\">Read More<\/a><\/p>\n","protected":false},"author":1,"featured_media":38,"parent":0,"menu_order":0,"comment_status":"closed","ping_status":"closed","template":"","meta":[],"_links":{"self":[{"href":"https:\/\/garlosaludybelleza.com.mx\/index.php?rest_route=\/wp\/v2\/pages\/139"}],"collection":[{"href":"https:\/\/garlosaludybelleza.com.mx\/index.php?rest_route=\/wp\/v2\/pages"}],"about":[{"href":"https:\/\/garlosaludybelleza.com.mx\/index.php?rest_route=\/wp\/v2\/types\/page"}],"author":[{"embeddable":true,"href":"https:\/\/garlosaludybelleza.com.mx\/index.php?rest_route=\/wp\/v2\/users\/1"}],"replies":[{"embeddable":true,"href":"https:\/\/garlosaludybelleza.com.mx\/index.php?rest_route=%2Fwp%2Fv2%2Fcomments&post=139"}],"version-history":[{"count":1,"href":"https:\/\/garlosaludybelleza.com.mx\/index.php?rest_route=\/wp\/v2\/pages\/139\/revisions"}],"predecessor-version":[{"id":140,"href":"https:\/\/garlosaludybelleza.com.mx\/index.php?rest_route=\/wp\/v2\/pages\/139\/revisions\/140"}],"wp:featuredmedia":[{"embeddable":true,"href":"https:\/\/garlosaludybelleza.com.mx\/index.php?rest_route=\/wp\/v2\/media\/38"}],"wp:attachment":[{"href":"https:\/\/garlosaludybelleza.com.mx\/index.php?rest_route=%2Fwp%2Fv2%2Fmedia&parent=139"}],"curies":[{"name":"wp","href":"https:\/\/api.w.org\/{rel}","templated":true}]}}