{"id":141,"date":"2021-06-12T02:18:38","date_gmt":"2021-06-12T02:18:38","guid":{"rendered":"http:\/\/garlosaludybelleza.com.mx\/?page_id=141"},"modified":"2021-06-12T02:18:38","modified_gmt":"2021-06-12T02:18:38","slug":"control-de-peso-moldeo-corporal-y-disminucion-de-talla","status":"publish","type":"page","link":"https:\/\/garlosaludybelleza.com.mx\/?page_id=141","title":{"rendered":"Control de peso, Moldeo corporal y Disminuci\u00f3n de Talla"},"content":{"rendered":"\n<p>Una mala dieta, el sedentarismo y la acci\u00f3n hormonal pueden conducir a la acumulaci\u00f3n de grasa. A veces las personas que mantienen sus h\u00e1bitos y aparentemente delgados no pueden librarse de la grasa localizada. Esto se debe a que algunas partes del cuerpo est\u00e1n propensas a acumular grasa que no es consumida por el cuerpo. El hombre tiene una tendencia natural a acumular grasa en la barriga, ya que las mujeres sufren m\u00e1s en las caderas y los muslos exteriores, pero no est\u00e1n libres de la grasa abdominal. Para el tratamiento de la grasa localizada con la t\u00e9cnica de la Intradermoterapia se administran medicamentos que mejoran la circulaci\u00f3n. Cuando el tratamiento se asocia con la actividad f\u00edsica y la dieta se nota que los resultados son mejores.<\/p>\n","protected":false},"excerpt":{"rendered":"<p>Una mala dieta, el sedentarismo y la acci\u00f3n hormonal pueden conducir a la acumulaci\u00f3n de grasa. A veces las personas que mantienen sus h\u00e1bitos y aparentemente delgados no pueden librarse de la grasa localizada. Esto se debe a que algunas partes del cuerpo est\u00e1n propensas a acumular grasa que no es consumida por el cuerpo. &hellip; <a href=\"https:\/\/garlosaludybelleza.com.mx\/?page_id=141\" class=\"read-more\">Read More<\/a><\/p>\n","protected":false},"author":1,"featured_media":49,"parent":0,"menu_order":0,"comment_status":"closed","ping_status":"closed","template":"","meta":[],"_links":{"self":[{"href":"https:\/\/garlosaludybelleza.com.mx\/index.php?rest_route=\/wp\/v2\/pages\/141"}],"collection":[{"href":"https:\/\/garlosaludybelleza.com.mx\/index.php?rest_route=\/wp\/v2\/pages"}],"about":[{"href":"https:\/\/garlosaludybelleza.com.mx\/index.php?rest_route=\/wp\/v2\/types\/page"}],"author":[{"embeddable":true,"href":"https:\/\/garlosaludybelleza.com.mx\/index.php?rest_route=\/wp\/v2\/users\/1"}],"replies":[{"embeddable":true,"href":"https:\/\/garlosaludybelleza.com.mx\/index.php?rest_route=%2Fwp%2Fv2%2Fcomments&post=141"}],"version-history":[{"count":1,"href":"https:\/\/garlosaludybelleza.com.mx\/index.php?rest_route=\/wp\/v2\/pages\/141\/revisions"}],"predecessor-version":[{"id":142,"href":"https:\/\/garlosaludybelleza.com.mx\/index.php?rest_route=\/wp\/v2\/pages\/141\/revisions\/142"}],"wp:featuredmedia":[{"embeddable":true,"href":"https:\/\/garlosaludybelleza.com.mx\/index.php?rest_route=\/wp\/v2\/media\/49"}],"wp:attachment":[{"href":"https:\/\/garlosaludybelleza.com.mx\/index.php?rest_route=%2Fwp%2Fv2%2Fmedia&parent=141"}],"curies":[{"name":"wp","href":"https:\/\/api.w.org\/{rel}","templated":true}]}}