{"id":194,"date":"2021-06-12T17:39:28","date_gmt":"2021-06-12T17:39:28","guid":{"rendered":"http:\/\/garlosaludybelleza.com.mx\/?page_id=194"},"modified":"2021-06-12T18:28:09","modified_gmt":"2021-06-12T18:28:09","slug":"blog","status":"publish","type":"page","link":"https:\/\/garlosaludybelleza.com.mx\/?page_id=194","title":{"rendered":"Blog"},"content":{"rendered":"<ul class=\"wp-block-latest-posts__list wp-block-latest-posts\"><li><div class=\"wp-block-latest-posts__featured-image alignleft\"><img width=\"150\" height=\"150\" src=\"https:\/\/garlosaludybelleza.com.mx\/wp-content\/uploads\/2021\/06\/9-150x150.png\" class=\"attachment-thumbnail size-thumbnail wp-post-image\" alt=\"\" loading=\"lazy\" style=\"\" srcset=\"https:\/\/garlosaludybelleza.com.mx\/wp-content\/uploads\/2021\/06\/9-150x150.png 150w, https:\/\/garlosaludybelleza.com.mx\/wp-content\/uploads\/2021\/06\/9-100x100.png 100w, https:\/\/garlosaludybelleza.com.mx\/wp-content\/uploads\/2021\/06\/9-400x400.png 400w\" sizes=\"(max-width: 150px) 100vw, 150px\" \/><\/div><a href=\"https:\/\/garlosaludybelleza.com.mx\/?p=215\">Toxina Botul\u00ednica<\/a><div class=\"wp-block-latest-posts__post-excerpt\">La toxina botul\u00ednica es un tratamiento preventivo contra el envejecimiento. Dra. Grecia Garc\u00eda, especialista en Medicina Est\u00e9tica resuelve todas tus dudas respecto a la aplicaci\u00f3n de este tratamiento.<\/div><\/li>\n<li><div class=\"wp-block-latest-posts__featured-image alignleft\"><img width=\"150\" height=\"150\" src=\"https:\/\/garlosaludybelleza.com.mx\/wp-content\/uploads\/2021\/06\/10-150x150.png\" class=\"attachment-thumbnail size-thumbnail wp-post-image\" alt=\"\" loading=\"lazy\" style=\"\" srcset=\"https:\/\/garlosaludybelleza.com.mx\/wp-content\/uploads\/2021\/06\/10-150x150.png 150w, https:\/\/garlosaludybelleza.com.mx\/wp-content\/uploads\/2021\/06\/10-100x100.png 100w, https:\/\/garlosaludybelleza.com.mx\/wp-content\/uploads\/2021\/06\/10-400x400.png 400w\" sizes=\"(max-width: 150px) 100vw, 150px\" \/><\/div><a href=\"https:\/\/garlosaludybelleza.com.mx\/?p=212\">\u00c1CIDO HIALUR\u00d3NICO<\/a><div class=\"wp-block-latest-posts__post-excerpt\">La aplicaci\u00f3n de \u00c1CIDO HIALUR\u00d3NICO es un tratamiento de medicina est\u00e9tica que est\u00e1 de moda, pero \u00bfqu\u00e9 es en realidad? \u00bfc\u00f3mo, cu\u00e1ndo y d\u00f3nde se aplica? Dra. Grecia Garc\u00eda resuelve todas tus dudas sobre la aplicaci\u00f3n de \u00e1cido hialur\u00f3nico para embellecer.<\/div><\/li>\n<li><div class=\"wp-block-latest-posts__featured-image alignleft\"><img width=\"150\" height=\"150\" src=\"https:\/\/garlosaludybelleza.com.mx\/wp-content\/uploads\/2021\/06\/11-150x150.png\" class=\"attachment-thumbnail size-thumbnail wp-post-image\" alt=\"\" loading=\"lazy\" style=\"\" srcset=\"https:\/\/garlosaludybelleza.com.mx\/wp-content\/uploads\/2021\/06\/11-150x150.png 150w, https:\/\/garlosaludybelleza.com.mx\/wp-content\/uploads\/2021\/06\/11-100x100.png 100w, https:\/\/garlosaludybelleza.com.mx\/wp-content\/uploads\/2021\/06\/11-400x400.png 400w\" sizes=\"(max-width: 150px) 100vw, 150px\" \/><\/div><a href=\"https:\/\/garlosaludybelleza.com.mx\/?p=168\">\u00bfQu\u00e9 es la MESOTERAPIA?<\/a><div class=\"wp-block-latest-posts__post-excerpt\">\u00bfQu\u00e9 es la #MESOTERAPIA? conoce todo sobre la MESOTERAPIA de la mano de nuestra Dra. Grecia Garc\u00eda, especialista en Medicina Est\u00e9tica. Recuerda siempre poner tu salud y belleza en las manos de una profesional experta. Tu bienestar es lo m\u00e1s importante.<\/div><\/li>\n<\/ul>","protected":false},"excerpt":{"rendered":"","protected":false},"author":1,"featured_media":88,"parent":0,"menu_order":0,"comment_status":"closed","ping_status":"closed","template":"","meta":[],"_links":{"self":[{"href":"https:\/\/garlosaludybelleza.com.mx\/index.php?rest_route=\/wp\/v2\/pages\/194"}],"collection":[{"href":"https:\/\/garlosaludybelleza.com.mx\/index.php?rest_route=\/wp\/v2\/pages"}],"about":[{"href":"https:\/\/garlosaludybelleza.com.mx\/index.php?rest_route=\/wp\/v2\/types\/page"}],"author":[{"embeddable":true,"href":"https:\/\/garlosaludybelleza.com.mx\/index.php?rest_route=\/wp\/v2\/users\/1"}],"replies":[{"embeddable":true,"href":"https:\/\/garlosaludybelleza.com.mx\/index.php?rest_route=%2Fwp%2Fv2%2Fcomments&post=194"}],"version-history":[{"count":1,"href":"https:\/\/garlosaludybelleza.com.mx\/index.php?rest_route=\/wp\/v2\/pages\/194\/revisions"}],"predecessor-version":[{"id":195,"href":"https:\/\/garlosaludybelleza.com.mx\/index.php?rest_route=\/wp\/v2\/pages\/194\/revisions\/195"}],"wp:featuredmedia":[{"embeddable":true,"href":"https:\/\/garlosaludybelleza.com.mx\/index.php?rest_route=\/wp\/v2\/media\/88"}],"wp:attachment":[{"href":"https:\/\/garlosaludybelleza.com.mx\/index.php?rest_route=%2Fwp%2Fv2%2Fmedia&parent=194"}],"curies":[{"name":"wp","href":"https:\/\/api.w.org\/{rel}","templated":true}]}}